{"id":179,"date":"2022-05-05T21:58:19","date_gmt":"2022-05-05T18:58:19","guid":{"rendered":"http:\/\/nipteks.com.tr\/?page_id=179"},"modified":"2024-10-14T19:31:20","modified_gmt":"2024-10-14T16:31:20","slug":"iletisim","status":"publish","type":"page","link":"https:\/\/nipteks.com.tr\/iletisim\/","title":{"rendered":"\u0130LET\u0130\u015e\u0130M"},"content":{"rendered":"<section class=\"l-section wpb_row height_auto width_full\"><div class=\"l-section-h i-cf\"><div class=\"g-cols vc_row type_default valign_top\"><div class=\"vc_col-sm-12 wpb_column vc_column_container\"><div class=\"vc_column-inner\"><div class=\"wpb_wrapper\"><div class=\"wpb_text_column\" ><div class=\"wpb_wrapper\"><p><iframe loading=\"lazy\" style=\"border: 0;\" src=\"https:\/\/www.google.com\/maps\/embed?pb=!1m14!1m8!1m3!1d12177.249081806587!2d29.06771!3d40.268813!3m2!1i1024!2i768!4f13.1!3m3!1m2!1s0x0%3A0x7e7ea848408c6c55!2zRE9TQUIgQsO2bGdlIE3DvGTDvHJsw7zEn8O8!5e0!3m2!1str!2str!4v1651777679260!5m2!1str!2str\" width=\"2000\" height=\"555\" allowfullscreen=\"allowfullscreen\"><\/iframe><\/p>\n<\/div><\/div><\/div><\/div><\/div><\/div><\/div><\/section><section class=\"l-section wpb_row height_medium\"><div class=\"l-section-h i-cf\"><div class=\"g-cols vc_row type_default valign_top\"><div class=\"vc_col-sm-6 wpb_column vc_column_container animate_afl\" style=\"animation-delay:0.3s\"><div class=\"vc_column-inner\"><div class=\"wpb_wrapper\"><div class=\"w-vwrapper us_custom_63de091a align_left valign_top\" style=\"--vwrapper-gap:1rem\"><h3 class=\"w-text\"><span class=\"w-text-h\"><span class=\"w-text-value\">Bize Ula\u015f\u0131n<\/span><\/span><\/h3><h5 class=\"w-text\"><span class=\"w-text-h\"><span class=\"w-text-value\">Ala\u015fark\u00f6y Mah. \u0130stanbul Cad. No: 620 \/ 1A -1B Osmangazi \/ Bursa<\/span><\/span><\/h5><h5 class=\"w-text us_custom_0f088a09 has_text_color\"><a href=\"http:\/\/+90%20224%20322%2021%2011\" class=\"w-text-h\"><span class=\"w-text-value\">+90 224 322 21 11<\/span><\/a><\/h5><h5 class=\"w-text us_custom_0f088a09 has_text_color\"><a href=\"mailto:bilgi@nipteks.com.tr\" class=\"w-text-h\"><span class=\"w-text-value\">bilgi@nipteks.com.tr<\/span><\/a><\/h5><div class=\"w-separator size_small\"><\/div><h3 class=\"w-text\"><span class=\"w-text-h\"><span class=\"w-text-value\">Bizi Takip Edin<\/span><\/span><\/h3><div class=\"w-socials us_custom_c96a8a09 color_text shape_none\"><div class=\"w-socials-list\" style=\"margin:-0.6em;\"><div class=\"w-socials-item instagram\" style=\"padding:0.6em;\"><a class=\"w-socials-item-link\" rel=\"noopener nofollow\" target=\"_blank\" href=\"https:\/\/www.instagram.com\/nipteks\/\" title=\"Instagram\" aria-label=\"Instagram\"><span class=\"w-socials-item-link-hover\"><\/span><\/a><div class=\"w-socials-item-popup\"><span>Instagram<\/span><\/div><\/div><\/div><\/div><\/div><\/div><\/div><\/div><div class=\"vc_col-sm-6 wpb_column vc_column_container animate_afr\" style=\"animation-delay:0.3s\"><div class=\"vc_column-inner us_custom_6c21c073\"><div class=\"wpb_wrapper\"><div class=\"w-separator size_custom us_separator_1\" style=\"height:4vmax\"><style>@media(max-width:600px){.us_separator_1{height:10vh!important}}<\/style><\/div><h3 class=\"w-text\"><span class=\"w-text-h\"><span class=\"w-text-value\">Bize Yaz\u0131n<\/span><\/span><\/h3><div class=\"w-form  us_custom_c3145f75 layout_ver for_cform us_form_1\" style=\"--fields-gap:1.9rem\">\r\n\t<form class=\"w-form-h\" autocomplete=\"off\" action=\"https:\/\/nipteks.com.tr\/wp-json\/wp\/v2\/pages\/179\" method=\"post\">\r\n\t\t<div class=\"w-form-row for_text\">\r\n\t\t<div class=\"w-form-row-field\">\r\n\t\t\t\t\t\t<input aria-label=\"\u0130sim Soyad\" type=\"text\" name=\"us_form_1_text_1\" value placeholder=\"\u0130sim Soyad\"\/>\r\n\t\t\t<\/div>\r\n\t\t<div class=\"w-form-row-state\">Fill out this field<\/div>\r\n<\/div>\r\n<div class=\"w-form-row for_email\">\r\n\t\t<div class=\"w-form-row-field\">\r\n\t\t\t\t\t\t<input aria-label=\"E-Postan\u0131z\" type=\"email\" name=\"us_form_1_email_1\" value placeholder=\"E-Postan\u0131z\"\/>\r\n\t\t\t<\/div>\r\n\t\t<div class=\"w-form-row-state\">L\u00fctfen ge\u00e7erli bir e-posta adresi yaz\u0131n.<\/div>\r\n<\/div>\r\n<div class=\"w-form-row for_textarea\">\r\n\t\t<div class=\"w-form-row-field\">\r\n\t\t\t\t\t\t<textarea aria-label=\"Mesaj\u0131n\u0131z\" name=\"us_form_1_textarea_1\" placeholder=\"Mesaj\u0131n\u0131z\"><\/textarea>\r\n\t\t\t<\/div>\r\n\t\t<div class=\"w-form-row-state\">Fill out this field<\/div>\r\n<\/div>\r\n<input type=\"hidden\" name=\"action\" value=\"us_ajax_cform\" \/><input type=\"hidden\" name=\"post_id\" value \/><input type=\"hidden\" name=\"form_index\" value=\"1\" \/><div class=\"w-form-row for_submit align_left\">\r\n\t<div class=\"w-form-row-field\">\r\n\t\t\t\t<button class=\"w-btn  us-btn-style_1\" aria-label=\"G\u00d6NDER\" type=\"submit\">\r\n\t\t\t<span class=\"g-preloader type_1\"><\/span>\r\n\t\t\t\t\t\t<span class=\"w-btn-label\">G\u00d6NDER<\/span>\r\n\t\t\t\t\t<\/button>\r\n\t<\/div>\r\n<\/div>\t<\/form>\r\n\t<div class=\"w-form-message\"><\/div>\r\n\t<div class=\"w-form-json hidden\" onclick='return {&quot;ajaxurl&quot;:&quot;https:\\\/\\\/nipteks.com.tr\\\/wp-admin\\\/admin-ajax.php&quot;}'><\/div>\r\n<\/div><\/div><\/div><\/div><\/div><\/div><\/section>\n","protected":false},"excerpt":{"rendered":"Bize Ula\u015f\u0131nAla\u015fark\u00f6y Mah. \u0130stanbul Cad. No: 620 \/ 1A -1B Osmangazi \/ Bursa+90 224 322 21 11bilgi@nipteks.com.trBizi Takip EdinInstagramBize Yaz\u0131n Fill out this field L\u00fctfen ge\u00e7erli bir e-posta adresi yaz\u0131n. Fill out this field G\u00d6NDER","protected":false},"author":1,"featured_media":0,"parent":0,"menu_order":0,"comment_status":"closed","ping_status":"closed","template":"","meta":{"footnotes":""},"class_list":["post-179","page","type-page","status-publish","hentry"],"_links":{"self":[{"href":"https:\/\/nipteks.com.tr\/wp-json\/wp\/v2\/pages\/179"}],"collection":[{"href":"https:\/\/nipteks.com.tr\/wp-json\/wp\/v2\/pages"}],"about":[{"href":"https:\/\/nipteks.com.tr\/wp-json\/wp\/v2\/types\/page"}],"author":[{"embeddable":true,"href":"https:\/\/nipteks.com.tr\/wp-json\/wp\/v2\/users\/1"}],"replies":[{"embeddable":true,"href":"https:\/\/nipteks.com.tr\/wp-json\/wp\/v2\/comments?post=179"}],"version-history":[{"count":20,"href":"https:\/\/nipteks.com.tr\/wp-json\/wp\/v2\/pages\/179\/revisions"}],"predecessor-version":[{"id":497,"href":"https:\/\/nipteks.com.tr\/wp-json\/wp\/v2\/pages\/179\/revisions\/497"}],"wp:attachment":[{"href":"https:\/\/nipteks.com.tr\/wp-json\/wp\/v2\/media?parent=179"}],"curies":[{"name":"wp","href":"https:\/\/api.w.org\/{rel}","templated":true}]}}