{"id":226,"date":"2022-05-08T18:25:00","date_gmt":"2022-05-08T15:25:00","guid":{"rendered":"http:\/\/nipteks.com.tr\/?page_id=226"},"modified":"2024-10-14T18:46:21","modified_gmt":"2024-10-14T15:46:21","slug":"uretim","status":"publish","type":"page","link":"https:\/\/nipteks.com.tr\/uretim\/","title":{"rendered":"\u00dcRET\u0130M"},"content":{"rendered":"<section class=\"l-section wpb_row height_auto width_full\"><div class=\"l-section-h i-cf\"><div class=\"g-cols vc_row type_default valign_top\"><div class=\"vc_col-sm-12 wpb_column vc_column_container\"><div class=\"vc_column-inner\"><div class=\"wpb_wrapper\">\n\t\t\t<!-- START uretim REVOLUTION SLIDER 6.2.23 --><p class=\"rs-p-wp-fix\"><\/p>\n\t\t\t<rs-module-wrap id=\"rev_slider_4_1_wrapper\" data-source=\"gallery\" style=\"background:transparent;padding:0;margin:0px auto;margin-top:0;margin-bottom:0;max-width:;\">\n\t\t\t\t<rs-module id=\"rev_slider_4_1\" style=\"\" data-version=\"6.2.23\">\n\t\t\t\t\t<rs-slides>\n\t\t\t\t\t\t<rs-slide data-key=\"rs-19\" data-title=\"nipteks\" data-anim=\"ei:power4.inOut;eo:power4.inOut;s:13000ms;r:0;t:zoomout;sl:d;\" data-firstanim=\"t:fade;sl:7;\">\n\t\t\t\t\t\t\t<img decoding=\"async\" src=\"\/\/nipteks.com.tr\/wp-content\/plugins\/revslider\/public\/assets\/assets\/transparent.png\" title=\"\u00dcRET\u0130M\" data-parallax=\"10\" class=\"rev-slidebg\" data-no-retina>\n\t\t\t\t\t\t\t<rs-bgvideo \n\t\t\t\t\t\t\t\tdata-video=\"w:100%;h:100%;sta:00:10;end:00:30;nse:false;rwd:false;l:false;ptimer:false;\"\n\t\t\t\t\t\t\t\tdata-mp4=\"\/\/nipteks.com.tr\/wp-content\/uploads\/2022\/05\/NiPTEKS4K.mp4\"\n\t\t\t\t\t\t\t><\/rs-bgvideo>\n<!--\n\t\t\t\t\t\t\t--><rs-layer\n\t\t\t\t\t\t\t\tid=\"slider-4-slide-19-layer-12\" \n\t\t\t\t\t\t\t\tdata-type=\"image\"\n\t\t\t\t\t\t\t\tdata-rsp_ch=\"on\"\n\t\t\t\t\t\t\t\tdata-xy=\"x:c;yo:80px,110px,83px,80px;\"\n\t\t\t\t\t\t\t\tdata-text=\"w:normal;s:20,16,12,7;l:0,20,15,9;\"\n\t\t\t\t\t\t\t\tdata-dim=\"w:235px,194px,147px,163px;h:125px,103px,78px,86px;\"\n\t\t\t\t\t\t\t\tdata-frame_1=\"st:520;sp:2640;sR:520;\"\n\t\t\t\t\t\t\t\tdata-frame_999=\"o:0;st:7650;sp:930;sR:4490;\"\n\t\t\t\t\t\t\t\tstyle=\"z-index:9;\"\n\t\t\t\t\t\t\t><img loading=\"lazy\" decoding=\"async\" src=\"\/\/nipteks.com.tr\/wp-content\/uploads\/2022\/05\/165-88White.png\" width=\"165\" height=\"88\" data-no-retina> \n\t\t\t\t\t\t\t<\/rs-layer><!--\n\n\t\t\t\t\t\t\t--><rs-layer\n\t\t\t\t\t\t\t\tid=\"slider-4-slide-19-layer-13\" \n\t\t\t\t\t\t\t\tclass=\"rev-scroll-btn rev-b-span-light\"\n\t\t\t\t\t\t\t\tdata-type=\"button\"\n\t\t\t\t\t\t\t\tdata-rsp_ch=\"on\"\n\t\t\t\t\t\t\t\tdata-xy=\"x:c;yo:338px,380px,325px,281px;\"\n\t\t\t\t\t\t\t\tdata-text=\"w:normal;s:13,10,7,4;l:15,12,9,6;ls:1,0,0,0;\"\n\t\t\t\t\t\t\t\tdata-dim=\"w:27,22,16,9;h:42,34,25,15;minw:27,none,none,none;minh:42,none,none,none;\"\n\t\t\t\t\t\t\t\tdata-actions='id:1;o:click;a:scrollto;sp:1000ms;e:power1.inOut;'\n\t\t\t\t\t\t\t\tdata-padding=\"t:17,14,11,7;r:11,9,7,4;b:17,14,11,7;l:11,9,7,4;\"\n\t\t\t\t\t\t\t\tdata-border=\"bos:solid;boc:rgba(255,255,255,0.75);bow:3px,3px,3px,3px;bor:23px,23px,23px,23px;\"\n\t\t\t\t\t\t\t\tdata-frame_1=\"st:760;sp:2400;sR:760;\"\n\t\t\t\t\t\t\t\tdata-frame_999=\"o:0;st:7680;sp:890;sR:4520;\"\n\t\t\t\t\t\t\t\tstyle=\"z-index:7;font-family:Roboto;text-transform:uppercase;\"\n\t\t\t\t\t\t\t><span><\/span><span><\/span><span><\/span> \n\t\t\t\t\t\t\t<\/rs-layer><!--\n\n\t\t\t\t\t\t\t--><rs-layer\n\t\t\t\t\t\t\t\tid=\"slider-4-slide-19-layer-25\" \n\t\t\t\t\t\t\t\tclass=\"NotGeneric-Title\"\n\t\t\t\t\t\t\t\tdata-type=\"text\"\n\t\t\t\t\t\t\t\tdata-color=\"rgba(255,255,255,1)\"\n\t\t\t\t\t\t\t\tdata-rsp_ch=\"on\"\n\t\t\t\t\t\t\t\tdata-xy=\"x:c;y:m;yo:-20px,0,0,0;\"\n\t\t\t\t\t\t\t\tdata-text=\"s:90,70,66,38;l:100,70,70,50;ls:5px;fw:700,400,400,400;\"\n\t\t\t\t\t\t\t\tdata-padding=\"t:10;b:10;\"\n\t\t\t\t\t\t\t\tdata-frame_0=\"o:1;\"\n\t\t\t\t\t\t\t\tdata-frame_0_chars=\"x:105%;o:1;rX:45deg;rY:0deg;rZ:90deg;\"\n\t\t\t\t\t\t\t\tdata-frame_0_mask=\"u:t;\"\n\t\t\t\t\t\t\t\tdata-frame_1=\"e:power4.inOut;st:430;sp:2000;sR:430;\"\n\t\t\t\t\t\t\t\tdata-frame_1_mask=\"u:t;\"\n\t\t\t\t\t\t\t\tdata-frame_999=\"y:100%;e:power2.inOut;st:7160;sp:2750;sR:3930;\"\n\t\t\t\t\t\t\t\tdata-frame_999_mask=\"u:t;\"\n\t\t\t\t\t\t\t\tstyle=\"z-index:8;font-family:El Messiri;\"\n\t\t\t\t\t\t\t>\u00dcRET\u0130M \n\t\t\t\t\t\t\t<\/rs-layer><!--\n-->\t\t\t\t\t\t<\/rs-slide>\n\t\t\t\t\t\t<rs-slide data-key=\"rs-22\" data-title=\"nipteks\" data-anim=\"ei:power4.inOut;eo:power4.inOut;s:13000ms;r:0;t:zoomout;sl:d;\">\n\t\t\t\t\t\t\t<img decoding=\"async\" src=\"\/\/nipteks.com.tr\/wp-content\/plugins\/revslider\/public\/assets\/assets\/transparent.png\" title=\"\u00dcRET\u0130M\" data-parallax=\"10\" class=\"rev-slidebg\" data-no-retina>\n\t\t\t\t\t\t\t<rs-bgvideo \n\t\t\t\t\t\t\t\tdata-video=\"w:100%;h:100%;sta:00:10;end:00:30;rwd:false;l:false;ptimer:false;\"\n\t\t\t\t\t\t\t\tdata-mp4=\"\/\/nipteks.com.tr\/wp-content\/uploads\/2022\/05\/NiPTEKS4K.mp4\"\n\t\t\t\t\t\t\t><\/rs-bgvideo>\n<!--\n\t\t\t\t\t\t\t--><rs-layer\n\t\t\t\t\t\t\t\tid=\"slider-4-slide-22-layer-12\" \n\t\t\t\t\t\t\t\tdata-type=\"image\"\n\t\t\t\t\t\t\t\tdata-rsp_ch=\"on\"\n\t\t\t\t\t\t\t\tdata-xy=\"x:c;yo:80px,110px,83px,80px;\"\n\t\t\t\t\t\t\t\tdata-text=\"w:normal;s:20,16,12,7;l:0,20,15,9;\"\n\t\t\t\t\t\t\t\tdata-dim=\"w:235px,194px,147px,163px;h:125px,103px,78px,86px;\"\n\t\t\t\t\t\t\t\tdata-frame_1=\"st:520;sp:2640;sR:520;\"\n\t\t\t\t\t\t\t\tdata-frame_999=\"o:0;st:7650;sp:930;sR:4490;\"\n\t\t\t\t\t\t\t\tstyle=\"z-index:9;\"\n\t\t\t\t\t\t\t><img loading=\"lazy\" decoding=\"async\" src=\"\/\/nipteks.com.tr\/wp-content\/uploads\/2022\/05\/165-88White.png\" width=\"165\" height=\"88\" data-no-retina> \n\t\t\t\t\t\t\t<\/rs-layer><!--\n\n\t\t\t\t\t\t\t--><rs-layer\n\t\t\t\t\t\t\t\tid=\"slider-4-slide-22-layer-13\" \n\t\t\t\t\t\t\t\tclass=\"rev-scroll-btn rev-b-span-light\"\n\t\t\t\t\t\t\t\tdata-type=\"button\"\n\t\t\t\t\t\t\t\tdata-rsp_ch=\"on\"\n\t\t\t\t\t\t\t\tdata-xy=\"x:c;yo:338px,380px,325px,281px;\"\n\t\t\t\t\t\t\t\tdata-text=\"w:normal;s:13,10,7,4;l:15,12,9,6;ls:1,0,0,0;\"\n\t\t\t\t\t\t\t\tdata-dim=\"w:27,22,16,9;h:42,34,25,15;minw:27,none,none,none;minh:42,none,none,none;\"\n\t\t\t\t\t\t\t\tdata-actions='id:1;o:click;a:scrollto;sp:1000ms;e:power1.inOut;'\n\t\t\t\t\t\t\t\tdata-padding=\"t:17,14,11,7;r:11,9,7,4;b:17,14,11,7;l:11,9,7,4;\"\n\t\t\t\t\t\t\t\tdata-border=\"bos:solid;boc:rgba(255,255,255,0.75);bow:3px,3px,3px,3px;bor:23px,23px,23px,23px;\"\n\t\t\t\t\t\t\t\tdata-frame_1=\"st:760;sp:2400;sR:760;\"\n\t\t\t\t\t\t\t\tdata-frame_999=\"o:0;st:7680;sp:890;sR:4520;\"\n\t\t\t\t\t\t\t\tstyle=\"z-index:7;font-family:Roboto;text-transform:uppercase;\"\n\t\t\t\t\t\t\t><span><\/span><span><\/span><span><\/span> \n\t\t\t\t\t\t\t<\/rs-layer><!--\n\n\t\t\t\t\t\t\t--><rs-layer\n\t\t\t\t\t\t\t\tid=\"slider-4-slide-22-layer-25\" \n\t\t\t\t\t\t\t\tclass=\"NotGeneric-Title\"\n\t\t\t\t\t\t\t\tdata-type=\"text\"\n\t\t\t\t\t\t\t\tdata-color=\"rgba(255,255,255,1)\"\n\t\t\t\t\t\t\t\tdata-rsp_ch=\"on\"\n\t\t\t\t\t\t\t\tdata-xy=\"x:c;y:m;yo:-20px,0,0,0;\"\n\t\t\t\t\t\t\t\tdata-text=\"s:90,70,66,38;l:70,70,70,50;ls:5px;fw:700,400,400,400;\"\n\t\t\t\t\t\t\t\tdata-padding=\"t:10;b:10;\"\n\t\t\t\t\t\t\t\tdata-frame_0=\"o:1;\"\n\t\t\t\t\t\t\t\tdata-frame_0_chars=\"x:105%;o:1;rX:45deg;rY:0deg;rZ:90deg;\"\n\t\t\t\t\t\t\t\tdata-frame_0_mask=\"u:t;\"\n\t\t\t\t\t\t\t\tdata-frame_1=\"e:power4.inOut;st:430;sp:2000;sR:430;\"\n\t\t\t\t\t\t\t\tdata-frame_1_mask=\"u:t;\"\n\t\t\t\t\t\t\t\tdata-frame_999=\"y:100%;e:power2.inOut;st:7160;sp:2750;sR:3930;\"\n\t\t\t\t\t\t\t\tdata-frame_999_mask=\"u:t;\"\n\t\t\t\t\t\t\t\tstyle=\"z-index:8;font-family:El Messiri;\"\n\t\t\t\t\t\t\t>CREATION OF FABRIC \n\t\t\t\t\t\t\t<\/rs-layer><!--\n-->\t\t\t\t\t\t<\/rs-slide>\n\t\t\t\t\t<\/rs-slides>\n\t\t\t\t<\/rs-module>\n\t\t\t\t<script type=\"text\/javascript\">\n\t\t\t\t\tsetREVStartSize({c: 'rev_slider_4_1',rl:[1240,1024,778,480],el:[600,600,500,400],gw:[1240,1024,778,480],gh:[600,600,500,400],type:'standard',justify:'',layout:'fullwidth',mh:\"0\"});\n\t\t\t\t\tvar\trevapi4,\n\t\t\t\t\t\ttpj;\n\t\t\t\t\tfunction revinit_revslider41() {\n\t\t\t\t\tjQuery(function() {\n\t\t\t\t\t\ttpj = jQuery;\n\t\t\t\t\t\trevapi4 = tpj(\"#rev_slider_4_1\");\n\t\t\t\t\t\tif(revapi4==undefined || revapi4.revolution == undefined){\n\t\t\t\t\t\t\trevslider_showDoubleJqueryError(\"rev_slider_4_1\");\n\t\t\t\t\t\t}else{\n\t\t\t\t\t\t\trevapi4.revolution({\n\t\t\t\t\t\t\t\tvisibilityLevels:\"1240,1024,778,480\",\n\t\t\t\t\t\t\t\tgridwidth:\"1240,1024,778,480\",\n\t\t\t\t\t\t\t\tgridheight:\"600,600,500,400\",\n\t\t\t\t\t\t\t\tperspective:600,\n\t\t\t\t\t\t\t\tperspectiveType:\"local\",\n\t\t\t\t\t\t\t\teditorheight:\"600,600,500,400\",\n\t\t\t\t\t\t\t\tresponsiveLevels:\"1240,1024,778,480\",\n\t\t\t\t\t\t\t\tprogressBar: {\n\t\t\t\t\t\t\t\t\tcolor:\"rgba(255,255,255,0.49)\",\n\t\t\t\t\t\t\t\t\tvertical:\"top\",\n\t\t\t\t\t\t\t\t\tsize:\"4px\",\n\t\t\t\t\t\t\t\t\tx:0,\n\t\t\t\t\t\t\t\t\ty:0\n\t\t\t\t\t\t\t\t},\n\t\t\t\t\t\t\t\tnavigation: {\n\t\t\t\t\t\t\t\t\tkeyboardNavigation:true,\n\t\t\t\t\t\t\t\t\tmouseScrollNavigation:\"on\",\n\t\t\t\t\t\t\t\t\tonHoverStop:false,\n\t\t\t\t\t\t\t\t\ttouch: {\n\t\t\t\t\t\t\t\t\t\ttouchenabled:true\n\t\t\t\t\t\t\t\t\t},\n\t\t\t\t\t\t\t\t\tarrows: {\n\t\t\t\t\t\t\t\t\t\tenable:true,\n\t\t\t\t\t\t\t\t\t\ttmp:\"<div class=\\\"tp-title-wrap\\\">  \t<div class=\\\"tp-arr-imgholder\\\"><\/div> <\/div>\",\n\t\t\t\t\t\t\t\t\t\tstyle:\"zeus\",\n\t\t\t\t\t\t\t\t\t\thide_onmobile:true,\n\t\t\t\t\t\t\t\t\t\thide_under:600,\n\t\t\t\t\t\t\t\t\t\thide_onleave:true,\n\t\t\t\t\t\t\t\t\t\tleft: {\n\t\t\t\t\t\t\t\t\t\t\th_offset:30\n\t\t\t\t\t\t\t\t\t\t},\n\t\t\t\t\t\t\t\t\t\tright: {\n\t\t\t\t\t\t\t\t\t\t\th_offset:30\n\t\t\t\t\t\t\t\t\t\t}\n\t\t\t\t\t\t\t\t\t}\n\t\t\t\t\t\t\t\t},\n\t\t\t\t\t\t\t\tparallax: {\n\t\t\t\t\t\t\t\t\tlevels:[2,3,4,5,6,7,12,16,10,50,47,48,49,50,51,30],\n\t\t\t\t\t\t\t\t\ttype:\"mouse\",\n\t\t\t\t\t\t\t\t\torigo:\"slidercenter\",\n\t\t\t\t\t\t\t\t\tspeed:2000\n\t\t\t\t\t\t\t\t},\n\t\t\t\t\t\t\t\tviewPort: {\n\t\t\t\t\t\t\t\t\tenable:true,\n\t\t\t\t\t\t\t\t\toutof:\"pause\",\n\t\t\t\t\t\t\t\t\tvisible_area:\"20%\"\n\t\t\t\t\t\t\t\t},\n\t\t\t\t\t\t\t\tfallbacks: {\n\t\t\t\t\t\t\t\t\tallowHTML5AutoPlayOnAndroid:true\n\t\t\t\t\t\t\t\t},\n\t\t\t\t\t\t\t});\n\t\t\t\t\t\t}\n\t\t\t\t\t\t\n\t\t\t\t\t});\n\t\t\t\t\t} \/\/ End of RevInitScript\n\t\t\t\tvar once_revslider41 = false;\n\t\t\t\tif (document.readyState === \"loading\") {document.addEventListener('readystatechange',function() { if((document.readyState === \"interactive\" || document.readyState === \"complete\") && !once_revslider41 ) { once_revslider41 = true; revinit_revslider41();}});} else {once_revslider41 = true; revinit_revslider41();}\n\t\t\t\t<\/script>\n\t\t\t\t<script>\n\t\t\t\t\tvar htmlDivCss = unescape(\"%23rev_slider_4_1_wrapper%20.zeus.tparrows%20%7B%0A%20%20cursor%3Apointer%3B%0A%20%20min-width%3A70px%3B%0A%20%20min-height%3A70px%3B%0A%20%20position%3Aabsolute%3B%0A%20%20display%3Ablock%3B%0A%20%20z-index%3A1000%3B%0A%20%20border-radius%3A50%25%3B%20%20%20%0A%20%20overflow%3Ahidden%3B%0A%20%20background%3Argba%280%2C0%2C0%2C0.1%29%3B%0A%7D%0A%0A%23rev_slider_4_1_wrapper%20.zeus.tparrows%3Abefore%20%7B%0A%20%20font-family%3A%20%27revicons%27%3B%0A%20%20font-size%3A20px%3B%0A%20%20color%3A%23ffffff%3B%0A%20%20display%3Ablock%3B%0A%20%20line-height%3A%2070px%3B%0A%20%20text-align%3A%20center%3B%20%20%20%20%0A%20%20z-index%3A2%3B%0A%20%20position%3Arelative%3B%0A%7D%0A%23rev_slider_4_1_wrapper%20.zeus.tparrows.tp-leftarrow%3Abefore%20%7B%0A%20%20content%3A%20%27%5Ce824%27%3B%0A%7D%0A%23rev_slider_4_1_wrapper%20.zeus.tparrows.tp-rightarrow%3Abefore%20%7B%0A%20%20content%3A%20%27%5Ce825%27%3B%0A%7D%0A%0A%23rev_slider_4_1_wrapper%20.zeus%20.tp-title-wrap%20%7B%0A%20%20background%3Argba%280%2C0%2C0%2C0.5%29%3B%0A%20%20width%3A100%25%3B%0A%20%20height%3A100%25%3B%0A%20%20top%3A0px%3B%0A%20%20left%3A0px%3B%0A%20%20position%3Aabsolute%3B%0A%20%20opacity%3A0%3B%0A%20%20transform%3Ascale%280%29%3B%0A%20%20-webkit-transform%3Ascale%280%29%3B%0A%20%20%20transition%3A%20all%200.3s%3B%0A%20%20-webkit-transition%3Aall%200.3s%3B%0A%20%20-moz-transition%3Aall%200.3s%3B%0A%20%20%20border-radius%3A50%25%3B%0A%20%7D%0A%23rev_slider_4_1_wrapper%20.zeus%20.tp-arr-imgholder%20%7B%0A%20%20width%3A100%25%3B%0A%20%20height%3A100%25%3B%0A%20%20position%3Aabsolute%3B%0A%20%20top%3A0px%3B%0A%20%20left%3A0px%3B%0A%20%20background-position%3Acenter%20center%3B%0A%20%20background-size%3Acover%3B%0A%20%20border-radius%3A50%25%3B%0A%20%20transform%3Atranslatex%28-100%25%29%3B%0A%20%20-webkit-transform%3Atranslatex%28-100%25%29%3B%0A%20%20%20transition%3A%20all%200.3s%3B%0A%20%20-webkit-transition%3Aall%200.3s%3B%0A%20%20-moz-transition%3Aall%200.3s%3B%0A%0A%20%7D%0A%23rev_slider_4_1_wrapper%20.zeus.tp-rightarrow%20.tp-arr-imgholder%20%7B%0A%20%20%20%20transform%3Atranslatex%28100%25%29%3B%0A%20%20-webkit-transform%3Atranslatex%28100%25%29%3B%0A%20%20%20%20%20%20%7D%0A%23rev_slider_4_1_wrapper%20.zeus.tparrows%3Ahover%20.tp-arr-imgholder%20%7B%0A%20%20transform%3Atranslatex%280%29%3B%0A%20%20-webkit-transform%3Atranslatex%280%29%3B%0A%20%20opacity%3A1%3B%0A%7D%0A%20%20%20%20%20%20%0A%23rev_slider_4_1_wrapper%20.zeus.tparrows%3Ahover%20.tp-title-wrap%20%7B%0A%20%20transform%3Ascale%281%29%3B%0A%20%20-webkit-transform%3Ascale%281%29%3B%0A%20%20opacity%3A1%3B%0A%7D%0A%20%0A\");\n\t\t\t\t\tvar htmlDiv = document.getElementById('rs-plugin-settings-inline-css');\n\t\t\t\t\tif(htmlDiv) {\n\t\t\t\t\t\thtmlDiv.innerHTML = htmlDiv.innerHTML + htmlDivCss;\n\t\t\t\t\t}else{\n\t\t\t\t\t\tvar htmlDiv = document.createElement('div');\n\t\t\t\t\t\thtmlDiv.innerHTML = '<style>' + htmlDivCss + '<\/style>';\n\t\t\t\t\t\tdocument.getElementsByTagName('head')[0].appendChild(htmlDiv.childNodes[0]);\n\t\t\t\t\t}\n\t\t\t\t<\/script>\n\t\t\t\t<script>\n\t\t\t\t\tvar htmlDivCss = unescape(\"%0A%0A\");\n\t\t\t\t\tvar htmlDiv = document.getElementById('rs-plugin-settings-inline-css');\n\t\t\t\t\tif(htmlDiv) {\n\t\t\t\t\t\thtmlDiv.innerHTML = htmlDiv.innerHTML + htmlDivCss;\n\t\t\t\t\t}else{\n\t\t\t\t\t\tvar htmlDiv = document.createElement('div');\n\t\t\t\t\t\thtmlDiv.innerHTML = '<style>' + htmlDivCss + '<\/style>';\n\t\t\t\t\t\tdocument.getElementsByTagName('head')[0].appendChild(htmlDiv.childNodes[0]);\n\t\t\t\t\t}\n\t\t\t\t<\/script>\n\t\t\t<\/rs-module-wrap>\n\t\t\t<!-- END REVOLUTION SLIDER -->\n<\/div><\/div><\/div><\/div><\/div><\/section><section class=\"l-section wpb_row height_medium\"><div class=\"l-section-h i-cf\"><div class=\"g-cols vc_row type_default valign_middle reversed\"><div class=\"vc_col-sm-6 wpb_column vc_column_container\"><div class=\"vc_column-inner us_custom_ebda694a\"><div class=\"wpb_wrapper\"><div class=\"w-separator size_huge\"><\/div><div class=\"w-image us_custom_cd6edf04 has_ratio align_none\"><div class=\"w-image-h\"><div style=\"padding-bottom:69.8795%\"><\/div><img loading=\"lazy\" decoding=\"async\" width=\"1800\" height=\"1200\" src=\"https:\/\/nipteks.com.tr\/wp-content\/uploads\/2022\/05\/Uretim.jpg\" class=\"attachment-full size-full\" alt=\"\" srcset=\"https:\/\/nipteks.com.tr\/wp-content\/uploads\/2022\/05\/Uretim.jpg 1800w, https:\/\/nipteks.com.tr\/wp-content\/uploads\/2022\/05\/Uretim-300x200.jpg 300w, https:\/\/nipteks.com.tr\/wp-content\/uploads\/2022\/05\/Uretim-1024x683.jpg 1024w\" sizes=\"(max-width: 1800px) 100vw, 1800px\" \/><\/div><\/div><\/div><\/div><\/div><div class=\"vc_col-sm-6 wpb_column vc_column_container animate_afr\" style=\"animation-delay:0.2s\"><div class=\"vc_column-inner\"><div class=\"wpb_wrapper\"><div class=\"w-separator size_huge\"><\/div><div class=\"wpb_text_column us_custom_69a4c150\" ><div class=\"wpb_wrapper\"><h2><em>Y\u00fcksek<\/em> Standartlar<\/h2>\n<\/div><\/div><div class=\"w-separator size_medium us_separator_1\"><style>@media(max-width:600px){.us_separator_1{height:5vh!important}}<\/style><\/div><div class=\"wpb_text_column us_custom_49ae70de\" ><div class=\"wpb_wrapper\"><p>Gerek ham madde gerekse arm\u00fcr ve jakarl\u0131 kuma\u015flar titizlikle analiz edilip denetlenmekte ve teknik, kimyasal ve fiziksel testlerden ge\u00e7meden hi\u00e7bir kuma\u015f ortaya \u00e7\u0131kmamaktad\u0131r.\u00a0\u00dcretimin her a\u015famas\u0131, en y\u00fcksek kalite standartlar\u0131na ula\u015fmak i\u00e7in geli\u015fmi\u015f yaz\u0131l\u0131mlarla s\u00fcrekli olarak izlenir ve kontrol edilir.<\/p>\n<\/div><\/div><div class=\"w-separator size_medium us_separator_2\"><style>@media(max-width:600px){.us_separator_2{height:5vh!important}}<\/style><\/div><\/div><\/div><\/div><\/div><\/div><\/section><section class=\"l-section wpb_row height_small\"><div class=\"l-section-h i-cf\"><div class=\"g-cols vc_row type_default valign_top\"><div class=\"vc_col-sm-12 wpb_column vc_column_container\"><div class=\"vc_column-inner\"><div class=\"wpb_wrapper\"><\/div><\/div><\/div><\/div><\/div><\/section><section class=\"l-section wpb_row height_medium\"><div class=\"l-section-h i-cf\"><div class=\"g-cols vc_row type_default valign_top\"><div class=\"vc_col-sm-12 wpb_column vc_column_container animate_afb\" style=\"animation-delay:0.3s\"><div class=\"vc_column-inner\"><div class=\"wpb_wrapper\"><div class=\"w-separator us_custom_149f8bc0 size_medium\"><\/div><h3 class=\"w-text us_custom_3a518cd2\"><span class=\"w-text-h\"><span class=\"w-text-value\">Maliyet d\u00fc\u015f\u00fcrmenin, ucuz sarf malzemeleri kullanma meselesi de\u011fil, m\u00fckemmeli\u011fi elde etmek i\u00e7in artan \u00fcretim verimlili\u011fi meselesi oldu\u011funa inan\u0131yoruz.<\/span><\/span><\/h3><\/div><\/div><\/div><\/div><\/div><\/section><section class=\"l-section wpb_row height_medium width_full\"><div class=\"l-section-h i-cf\"><div class=\"g-cols vc_row type_default valign_top\"><div class=\"vc_col-sm-10 wpb_column vc_column_container animate_afl\" style=\"animation-delay:0.4s\"><div class=\"vc_column-inner\"><div class=\"wpb_wrapper\"><div class=\"w-slider us_custom_191a7a48 style_none fit_scaledown\"><div class=\"w-slider-h\"><div class=\"royalSlider\"><div class=\"rsContent\"><a class=\"rsImg\" data-rsw=\"1800\" data-rsh=\"600\" href=\"https:\/\/nipteks.com.tr\/wp-content\/uploads\/2022\/05\/Uretim3-1.jpg\"><span data-alt=\"\"><\/span><\/a><\/div><div class=\"rsContent\"><a class=\"rsImg\" data-rsw=\"1800\" data-rsh=\"600\" href=\"https:\/\/nipteks.com.tr\/wp-content\/uploads\/2022\/05\/Uretim2-1.jpg\"><span data-alt=\"\"><\/span><\/a><\/div><div class=\"rsContent\"><a class=\"rsImg\" data-rsw=\"1800\" data-rsh=\"600\" href=\"https:\/\/nipteks.com.tr\/wp-content\/uploads\/2022\/05\/Uretim1.jpg\"><span data-alt=\"\"><\/span><\/a><\/div><\/div><img loading=\"lazy\" decoding=\"async\" src=\"https:\/\/nipteks.com.tr\/wp-content\/uploads\/2022\/05\/Uretim3-1.jpg\" width=\"1800\" height=\"600\" alt><\/div><div class=\"w-slider-json\" onclick='return {&quot;loop&quot;:true,&quot;fadeInLoadedSlide&quot;:false,&quot;slidesSpacing&quot;:0,&quot;imageScalePadding&quot;:0,&quot;numImagesToPreload&quot;:2,&quot;arrowsNav&quot;:true,&quot;arrowsNavAutoHide&quot;:false,&quot;transitionType&quot;:&quot;move&quot;,&quot;transitionSpeed&quot;:300,&quot;block&quot;:{&quot;moveEffect&quot;:&quot;none&quot;,&quot;speed&quot;:300},&quot;controlNavigation&quot;:&quot;none&quot;,&quot;autoplay&quot;:{&quot;enabled&quot;:true,&quot;pauseOnHover&quot;:false,&quot;delay&quot;:3000},&quot;imageScaleMode&quot;:&quot;fit-if-smaller&quot;,&quot;autoScaleSlider&quot;:true,&quot;autoScaleSliderWidth&quot;:1800,&quot;autoScaleSliderHeight&quot;:600,&quot;fitInViewport&quot;:false}'><\/div><\/div><\/div><\/div><\/div><div class=\"vc_col-sm-2 wpb_column vc_column_container\"><div class=\"vc_column-inner us_custom_1f8ef4a4\"><div class=\"wpb_wrapper\"><\/div><\/div><\/div><\/div><\/div><\/section>\n","protected":false},"excerpt":{"rendered":"\u00dcRET\u0130M CREATION OF FABRIC Y\u00fcksek Standartlar Gerek ham madde gerekse arm\u00fcr ve jakarl\u0131 kuma\u015flar titizlikle analiz edilip denetlenmekte ve teknik, kimyasal ve fiziksel testlerden ge\u00e7meden hi\u00e7bir kuma\u015f ortaya \u00e7\u0131kmamaktad\u0131r.\u00a0\u00dcretimin her a\u015famas\u0131, en y\u00fcksek kalite standartlar\u0131na ula\u015fmak i\u00e7in geli\u015fmi\u015f yaz\u0131l\u0131mlarla s\u00fcrekli olarak izlenir ve kontrol edilir. Maliyet d\u00fc\u015f\u00fcrmenin, ucuz sarf malzemeleri kullanma meselesi de\u011fil, m\u00fckemmeli\u011fi elde...","protected":false},"author":1,"featured_media":0,"parent":0,"menu_order":0,"comment_status":"closed","ping_status":"closed","template":"","meta":{"footnotes":""},"class_list":["post-226","page","type-page","status-publish","hentry"],"_links":{"self":[{"href":"https:\/\/nipteks.com.tr\/wp-json\/wp\/v2\/pages\/226"}],"collection":[{"href":"https:\/\/nipteks.com.tr\/wp-json\/wp\/v2\/pages"}],"about":[{"href":"https:\/\/nipteks.com.tr\/wp-json\/wp\/v2\/types\/page"}],"author":[{"embeddable":true,"href":"https:\/\/nipteks.com.tr\/wp-json\/wp\/v2\/users\/1"}],"replies":[{"embeddable":true,"href":"https:\/\/nipteks.com.tr\/wp-json\/wp\/v2\/comments?post=226"}],"version-history":[{"count":82,"href":"https:\/\/nipteks.com.tr\/wp-json\/wp\/v2\/pages\/226\/revisions"}],"predecessor-version":[{"id":480,"href":"https:\/\/nipteks.com.tr\/wp-json\/wp\/v2\/pages\/226\/revisions\/480"}],"wp:attachment":[{"href":"https:\/\/nipteks.com.tr\/wp-json\/wp\/v2\/media?parent=226"}],"curies":[{"name":"wp","href":"https:\/\/api.w.org\/{rel}","templated":true}]}}